{"id":108,"date":"2021-03-01T10:28:40","date_gmt":"2021-03-01T10:28:40","guid":{"rendered":"https:\/\/scoalaberceniph.ro\/?page_id=108"},"modified":"2026-01-16T08:24:43","modified_gmt":"2026-01-16T08:24:43","slug":"rezultate","status":"publish","type":"page","link":"https:\/\/scoalaberceniph.ro\/index.php\/rezultate\/","title":{"rendered":"Rezultate"},"content":{"rendered":"<section class=\"l-section wpb_row height_medium full_height valign_center\"><div class=\"l-section-h i-cf\"><div class=\"g-cols via_flex valign_top type_default\"><div class=\"vc_col-sm-12 wpb_column vc_column_container\"><div class=\"vc_column-inner\"><div class=\"wpb_wrapper\"><div class=\"wpb_text_column\"><div class=\"wpb_wrapper\"><h3 class=\"entry-title\">REZULTATE LA CONCURSURILE \u015eI OLIMPIADELE \u015eCOLARE<\/h3>\n<\/div><\/div><div class=\"w-separator size_small with_line width_default thick_1 style_dashed color_border align_center\"><div class=\"w-separator-h\"><\/div><\/div><div class=\"wpb_text_column\"><div class=\"wpb_wrapper\"><h4><strong>Locul I la Olimpiada Na\u021bional\u0103 a Sportului \u0218colar &#8211; Fotbal baieti U12\u2013 Faza local\u0103 5.12.2025<\/strong><\/h4>\n<\/div><\/div><div class=\"w-hwrapper align_none valign_middle\"><div class=\"w-image style_shadow-2 align_center\"><div class=\"w-image-h\"><div class=\"w-image-shadow\" style=\"background-image:url(https:\/\/scoalaberceniph.ro\/wp-content\/uploads\/2026\/01\/WhatsApp-Image-2026-01-12-at-08.08.19.jpeg);\"><\/div><img loading=\"lazy\" decoding=\"async\" width=\"1200\" height=\"1600\" src=\"https:\/\/scoalaberceniph.ro\/wp-content\/uploads\/2026\/01\/WhatsApp-Image-2026-01-12-at-08.08.19.jpeg\" class=\"attachment-full size-full\" alt=\"\" srcset=\"https:\/\/scoalaberceniph.ro\/wp-content\/uploads\/2026\/01\/WhatsApp-Image-2026-01-12-at-08.08.19.jpeg 1200w, https:\/\/scoalaberceniph.ro\/wp-content\/uploads\/2026\/01\/WhatsApp-Image-2026-01-12-at-08.08.19-225x300.jpeg 225w, https:\/\/scoalaberceniph.ro\/wp-content\/uploads\/2026\/01\/WhatsApp-Image-2026-01-12-at-08.08.19-768x1024.jpeg 768w\" sizes=\"auto, (max-width: 1200px) 100vw, 1200px\" \/><\/div><\/div><div class=\"w-image style_shadow-2 align_center\"><div class=\"w-image-h\"><div class=\"w-image-shadow\" style=\"background-image:url(https:\/\/scoalaberceniph.ro\/wp-content\/uploads\/2026\/01\/WhatsApp-Image-2026-01-12-at-08.08.47.jpeg);\"><\/div><img loading=\"lazy\" decoding=\"async\" width=\"1600\" height=\"1200\" src=\"https:\/\/scoalaberceniph.ro\/wp-content\/uploads\/2026\/01\/WhatsApp-Image-2026-01-12-at-08.08.47.jpeg\" class=\"attachment-full size-full\" alt=\"\" srcset=\"https:\/\/scoalaberceniph.ro\/wp-content\/uploads\/2026\/01\/WhatsApp-Image-2026-01-12-at-08.08.47.jpeg 1600w, https:\/\/scoalaberceniph.ro\/wp-content\/uploads\/2026\/01\/WhatsApp-Image-2026-01-12-at-08.08.47-300x225.jpeg 300w, https:\/\/scoalaberceniph.ro\/wp-content\/uploads\/2026\/01\/WhatsApp-Image-2026-01-12-at-08.08.47-1024x768.jpeg 1024w\" sizes=\"auto, (max-width: 1600px) 100vw, 1600px\" \/><\/div><\/div><\/div><div class=\"w-separator size_small with_line width_default thick_1 style_solid color_border align_center\"><div class=\"w-separator-h\"><\/div><\/div><div class=\"wpb_text_column\"><div class=\"wpb_wrapper\"><p><a href=\"https:\/\/scoalaberceniph.ro\/index.php\/2025\/02\/11\/locul-i-la-faza-locala-onss-cupa-tymbark-fotbal-u12-06-02-2025\/\">LOCUL I la FAZA LOCALA ONSS CUPA TYMBARK &#8211; FOTBAL U12 &#8211; 06.02.2025<\/a><\/p>\n<p><a href=\"https:\/\/scoalaberceniph.ro\/index.php\/2024\/02\/12\/rezultate-concursuri-scoala-gimnaziala-comuna-berceni\/\">Rezultate concursuri Scoala gimnaziala, comuna Berceni<\/a><\/p>\n<\/div><\/div><div class=\"wpb_text_column\"><div class=\"wpb_wrapper\"><ul>\n<li>Premiul I la Concursul de crea\u0163ie literar\u0103 ,, Lumina din suflet\u201d- elevul Roman Petru Rare\u015f<\/li>\n<li>Men\u0163iune special\u0103 la concursul ,, Inteligen\u0163e prahovene\u201d -elevul Roman Petru Rare\u015f<\/li>\n<li>Mentiune la Concursul interjude\u0163ean,, Uite, vine Mo\u015f Cr\u0103ciun\u201d eleva Gologan Alexandra<\/li>\n<li>Concursul ,, Reporter \u00een lumea cuvintelor\u201d -Men\u0163iune pentru realism pentru\u00a0 elevii Bucur Antonio, Paraschiv Valentin \u015fi men\u0163iune pentru minu\u0163iozitate pentru eleva\u00a0 Iosif Alexandra<\/li>\n<li>Locu al lII lea la Campionatul Na\u0163ional de Badminton 2005\u2013 elevul Robert Ni\u0163\u0103 Ghi\u0163\u0103<\/li>\n<li>Locu al lII lea la Olimpiada de Badminton 2006\u2013etapa na\u0163ional\u0103 \u2013 eleva Lavinia P\u0103l\u0103u<\/li>\n<li>Premiul III\u2014Olimpiada jude\u0163ean\u0103 de limb\u0103 englez\u0103 \u2013 anul \u015fcolar 2007-2008- eleva Anghelache Adina<\/li>\n<li>Men\u0163iuni la Concursul ,,Inteligen\u0163e Prohovene\u201d -anul \u015fcolar 2008-2009 \u2013 elevii Banu Bogdan, Panait Ana Maria, Mu\u015fat George<\/li>\n<li>Locurile I, II, III la Concursul na\u0163ional ,, S\u0103n\u0103tatea arta convie\u0163uirii cu noi \u00een\u015fine\u201d -anul \u015fcolar 2009-2010- elevii Roman Rare\u015f, Panait Ana Maria, Voica Vlad<\/li>\n<li>Men\u0163iuni la Concursul\u00a0 jude\u0163ean ,, Vorbi\u0163i, scrie\u0163i rom\u00e2ne\u015fte\u201d \u2013\u00a0 anul \u015fcolar 2009-2010- elevii Panait Ana Maria, Roman Rare\u015f, Banu Bogdan<\/li>\n<li>Premiul II \u2013\u00a0 Concursul interjude\u0163ean\u00a0 de teatru -anul \u015fcolar 2010-2011<\/li>\n<li>Premiul II si III \u2013\u00a0 Concursul interjude\u0163ean ,,Copilaria \u00een pa\u015fi de dans\u201d -anul \u015fcolar 2010-2011- trupa Crazi energy<\/li>\n<li>Men\u0163iuni la Olimpiada de Educa\u0163ie tehnologic\u0103 faza jude\u0163ean\u0103 \u2013\u00a0 anul \u015fcolar 2009-2010\u00a0 elevele Bratu Adriana, Voicu C\u0103t\u0103lina, Iordache Maria.<\/li>\n<\/ul>\n<\/div><\/div><\/div><\/div><\/div><\/div><\/div><\/section>\n","protected":false},"excerpt":{"rendered":"REZULTATE LA CONCURSURILE \u015eI OLIMPIADELE \u015eCOLARE Locul I la Olimpiada Na\u021bional\u0103 a Sportului \u0218colar &#8211; Fotbal baieti U12\u2013 Faza local\u0103 5.12.2025 LOCUL I la FAZA LOCALA ONSS CUPA TYMBARK &#8211; FOTBAL U12 &#8211; 06.02.2025 Rezultate concursuri Scoala gimnaziala, comuna Berceni Premiul I la Concursul de crea\u0163ie literar\u0103 ,, Lumina din suflet\u201d- elevul Roman Petru Rare\u015f...","protected":false},"author":1,"featured_media":0,"parent":0,"menu_order":0,"comment_status":"closed","ping_status":"closed","template":"","meta":{"footnotes":""},"class_list":["post-108","page","type-page","status-publish","hentry"],"_links":{"self":[{"href":"https:\/\/scoalaberceniph.ro\/index.php\/wp-json\/wp\/v2\/pages\/108","targetHints":{"allow":["GET"]}}],"collection":[{"href":"https:\/\/scoalaberceniph.ro\/index.php\/wp-json\/wp\/v2\/pages"}],"about":[{"href":"https:\/\/scoalaberceniph.ro\/index.php\/wp-json\/wp\/v2\/types\/page"}],"author":[{"embeddable":true,"href":"https:\/\/scoalaberceniph.ro\/index.php\/wp-json\/wp\/v2\/users\/1"}],"replies":[{"embeddable":true,"href":"https:\/\/scoalaberceniph.ro\/index.php\/wp-json\/wp\/v2\/comments?post=108"}],"version-history":[{"count":7,"href":"https:\/\/scoalaberceniph.ro\/index.php\/wp-json\/wp\/v2\/pages\/108\/revisions"}],"predecessor-version":[{"id":1093,"href":"https:\/\/scoalaberceniph.ro\/index.php\/wp-json\/wp\/v2\/pages\/108\/revisions\/1093"}],"wp:attachment":[{"href":"https:\/\/scoalaberceniph.ro\/index.php\/wp-json\/wp\/v2\/media?parent=108"}],"curies":[{"name":"wp","href":"https:\/\/api.w.org\/{rel}","templated":true}]}}