{"id":112,"date":"2021-03-01T10:33:08","date_gmt":"2021-03-01T10:33:08","guid":{"rendered":"https:\/\/scoalaberceniph.ro\/?page_id=112"},"modified":"2021-03-11T11:30:08","modified_gmt":"2021-03-11T11:30:08","slug":"strategia-nationala-anticoruptie","status":"publish","type":"page","link":"https:\/\/scoalaberceniph.ro\/index.php\/strategia-nationala-anticoruptie\/","title":{"rendered":"Strategia nationala anticoruptie"},"content":{"rendered":"<section class=\"l-section wpb_row height_medium\"><div class=\"l-section-h i-cf\"><div class=\"g-cols via_flex valign_top type_default\"><div class=\"vc_col-sm-12 wpb_column vc_column_container\"><div class=\"vc_column-inner\"><div class=\"wpb_wrapper\"><div class=\"wpb_text_column\"><div class=\"wpb_wrapper\"><h3>Strategia nationala anticoruptie<\/h3>\n<\/div><\/div><div class=\"w-separator size_small with_line width_default thick_1 style_dashed color_border align_center\"><div class=\"w-separator-h\"><\/div><\/div><\/div><\/div><\/div><\/div><\/div><\/section><section class=\"l-section wpb_row us_custom_50cc7d67 height_auto\"><div class=\"l-section-h i-cf\"><div class=\"g-cols via_flex valign_top type_default\"><div class=\"vc_col-sm-12 wpb_column vc_column_container\"><div class=\"vc_column-inner\"><div class=\"wpb_wrapper\"><div class=\"wpb_text_column\"><div class=\"wpb_wrapper\"><ul>\n<li><a href=\"https:\/\/scoalaberceniph.ro\/wp-content\/uploads\/2021\/03\/PLAN-DE-ACTIUNI-ANTICORUPTIE.pdf\">PLAN DE INTEGRITATE &#8211; ANUL SCOLAR 2020-2021<\/a><\/li>\n<li><a href=\"https:\/\/scoalaberceniph.ro\/wp-content\/uploads\/2021\/03\/ordin-5144-privind-aprobarea-strategiei-anticoruptie-in-educatie.pdf\">Ordin 5144 privind aprobarea strategiei anticoruptie in educatie<\/a><\/li>\n<li><a href=\"https:\/\/scoalaberceniph.ro\/wp-content\/uploads\/2021\/03\/legislatia-anticoruptie-din-romania.doc\">Legislatia anticoruptie din Romania<\/a><\/li>\n<li><a href=\"https:\/\/scoalaberceniph.ro\/wp-content\/uploads\/2021\/03\/rofuip.pdf\">Regulamentul de organizare si functionare a unitatilor de invatamant preuniversitar<\/a><\/li>\n<li>Anexa O.M.E.C.T.S. \u2013 6143<\/li>\n<li><a href=\"https:\/\/scoalaberceniph.ro\/wp-content\/uploads\/2021\/03\/omen-5144-26-sept-2013.doc\">OMEN-5144 26-sept-2013<\/a><\/li>\n<li>Ordin Administratie Publica \u2013 4925<\/li>\n<li><a href=\"https:\/\/scoalaberceniph.ro\/wp-content\/uploads\/2021\/03\/lege-1-2011legea-educatiei.doc\">Legea 1\/2011- Legea educatiei<\/a><\/li>\n<li><a href=\"https:\/\/scoalaberceniph.ro\/wp-content\/uploads\/2021\/03\/procedura-de-proiectare-a-bugetului.pdf\">Procedura de proiectare a bugetului<\/a><\/li>\n<li><a href=\"https:\/\/scoalaberceniph.ro\/wp-content\/uploads\/2021\/03\/procedura-de-ach-fin1.doc\">Procedura de achizitii financiare<\/a><\/li>\n<li><a href=\"https:\/\/scoalaberceniph.ro\/wp-content\/uploads\/2021\/03\/raport-ce-2014.doc\">Raport de activitate al Coordonatorului de proiecte \u015fi programe educative \u015fcolare \u015fi extra\u015fcolare, an \u015fcolar 2013 \u2013 2014<\/a><\/li>\n<li>RAPORT DE ANALIZA sem I 2013-2014<\/li>\n<li><a href=\"https:\/\/scoalaberceniph.ro\/wp-content\/uploads\/2021\/03\/regulamentul-de-functionare-a-consiliului-reprezentativ-al-parintilor.doc\">Regulamentul de functionare a consiliului reprezentativ al parintilor<\/a><\/li>\n<li><a href=\"https:\/\/scoalaberceniph.ro\/wp-content\/uploads\/2021\/03\/roi-berceni.doc\">Regulamentul de ordine interioara<\/a><\/li>\n<li><a href=\"https:\/\/scoalaberceniph.ro\/wp-content\/uploads\/2021\/03\/capitolul-vi-evaluarea-elevilor.doc\">Capitolul VI -Evaluarea elevilor<\/a><\/li>\n<li><a href=\"https:\/\/scoalaberceniph.ro\/wp-content\/uploads\/2021\/03\/cod-etic.doc\">Codul etic<\/a><\/li>\n<li><a href=\"https:\/\/scoalaberceniph.ro\/wp-content\/uploads\/2021\/03\/codul-deontologic-al-cadrelor-didactice.doc\">Codul deontologic al cadrelor didactice<\/a><\/li>\n<\/ul>\n<\/div><\/div><\/div><\/div><\/div><\/div><\/div><\/section>\n","protected":false},"excerpt":{"rendered":"Strategia nationala anticoruptie PLAN DE INTEGRITATE &#8211; ANUL SCOLAR 2020-2021 Ordin 5144 privind aprobarea strategiei anticoruptie in educatie Legislatia anticoruptie din Romania Regulamentul de organizare si functionare a unitatilor de invatamant preuniversitar Anexa O.M.E.C.T.S. \u2013 6143 OMEN-5144 26-sept-2013 Ordin Administratie Publica \u2013 4925 Legea 1\/2011- Legea educatiei Procedura de proiectare a bugetului Procedura de achizitii...","protected":false},"author":1,"featured_media":0,"parent":0,"menu_order":0,"comment_status":"closed","ping_status":"closed","template":"","meta":{"footnotes":""},"class_list":["post-112","page","type-page","status-publish","hentry"],"_links":{"self":[{"href":"https:\/\/scoalaberceniph.ro\/index.php\/wp-json\/wp\/v2\/pages\/112","targetHints":{"allow":["GET"]}}],"collection":[{"href":"https:\/\/scoalaberceniph.ro\/index.php\/wp-json\/wp\/v2\/pages"}],"about":[{"href":"https:\/\/scoalaberceniph.ro\/index.php\/wp-json\/wp\/v2\/types\/page"}],"author":[{"embeddable":true,"href":"https:\/\/scoalaberceniph.ro\/index.php\/wp-json\/wp\/v2\/users\/1"}],"replies":[{"embeddable":true,"href":"https:\/\/scoalaberceniph.ro\/index.php\/wp-json\/wp\/v2\/comments?post=112"}],"version-history":[{"count":8,"href":"https:\/\/scoalaberceniph.ro\/index.php\/wp-json\/wp\/v2\/pages\/112\/revisions"}],"predecessor-version":[{"id":314,"href":"https:\/\/scoalaberceniph.ro\/index.php\/wp-json\/wp\/v2\/pages\/112\/revisions\/314"}],"wp:attachment":[{"href":"https:\/\/scoalaberceniph.ro\/index.php\/wp-json\/wp\/v2\/media?parent=112"}],"curies":[{"name":"wp","href":"https:\/\/api.w.org\/{rel}","templated":true}]}}