{"id":2,"date":"2021-02-26T11:12:26","date_gmt":"2021-02-26T11:12:26","guid":{"rendered":"https:\/\/scoalaberceniph.ro\/?page_id=2"},"modified":"2025-08-22T05:59:38","modified_gmt":"2025-08-22T05:59:38","slug":"sample-page","status":"publish","type":"page","link":"https:\/\/scoalaberceniph.ro\/","title":{"rendered":"Home"},"content":{"rendered":"<section class=\"l-section wpb_row height_huge with_img\" id=\"header\"><div class=\"l-section-img\" style=\"background-image: url(https:\/\/scoalaberceniph.ro\/wp-content\/uploads\/2021\/03\/HEADER-scaled.jpg);background-repeat: no-repeat;\" data-img-width=\"2560\" data-img-height=\"941\"><\/div><div class=\"l-section-h i-cf\"><div class=\"g-cols via_flex valign_top type_default\"><div class=\"vc_col-sm-12 wpb_column vc_column_container\"><div class=\"vc_column-inner\"><div class=\"wpb_wrapper\"><div class=\"wpb_text_column us_custom_2b6e77be has_text_color\"><div class=\"wpb_wrapper\"><p><span class=\"dia_suggestion_done w0\" contextmenu=\"true\">\u0218COALA<\/span>\u00a0<span class=\"dia_suggestion w1\" contextmenu=\"true\">GIMNAZIAL\u0102<\/span>,\u00a0<span class=\"dia_suggestion w2\" contextmenu=\"true\">COMUNA<\/span>\u00a0BERCENI<\/p>\n<\/div><\/div><\/div><\/div><\/div><\/div><\/div><\/section><!-- Row Backgrounds --><div class=\"upb_bg_img\" data-ultimate-bg=\"url(https:\/\/scoalaberceniph.ro\/wp-content\/uploads\/2021\/03\/HEADER-scaled.jpg)\" data-image-id=\"id^245|url^https:\/\/scoalaberceniph.ro\/wp-content\/uploads\/2021\/03\/HEADER-scaled.jpg|caption^null|alt^null|title^HEADER|description^null\" data-ultimate-bg-style=\"vcpb-default\" data-bg-img-repeat=\"no-repeat\" data-bg-img-size=\"cover\" data-bg-img-position=\"\" data-parallx_sense=\"30\" data-bg-override=\"1\" data-bg_img_attach=\"scroll\" data-upb-overlay-color=\"\" data-upb-bg-animation=\"\" data-fadeout=\"\" data-bg-animation=\"left-animation\" data-bg-animation-type=\"h\" data-animation-repeat=\"repeat\" data-fadeout-percentage=\"30\" data-parallax-content=\"\" data-parallax-content-sense=\"30\" data-row-effect-mobile-disable=\"true\" data-img-parallax-mobile-disable=\"true\" data-rtl=\"false\"  data-custom-vc-row=\"\"  data-vc=\"6.5.0\"  data-is_old_vc=\"\"  data-theme-support=\"\"   data-overlay=\"false\" data-overlay-color=\"\" data-overlay-pattern=\"\" data-overlay-pattern-opacity=\"\" data-overlay-pattern-size=\"\"    ><\/div><section class=\"l-section wpb_row us_custom_099bd213 height_auto\"><div class=\"l-section-h i-cf\"><div class=\"g-cols via_flex valign_top type_default\"><div class=\"vc_col-sm-6 wpb_column vc_column_container animate_afl\"><div class=\"vc_column-inner us_custom_d231753c\"><div class=\"wpb_wrapper\"><h4 class=\"w-text us_custom_6cb0380b has_text_color\"><span class=\"w-text-h\"><i class=\"fad fa-chevron-right\"><\/i><span class=\"w-text-value\">SCURT ISTORIC<\/span><\/span><\/h4><div class=\"wpb_text_column\"><div class=\"wpb_wrapper\"><ul>\n<li>1843- Apare \u015fcoala \u00eentr-un local impropriu, frecven\u0163a elevilor fiind redus\u0103;<\/li>\n<li>1893- a fost construit primul local de \u015fcoal\u0103 ce cuprindea patru s\u0103li de clas\u0103;<\/li>\n<li>1897- prima promo\u0163ie de elevi ai \u015fcolii;<\/li>\n<li>1893-1916- figureaz\u0103 ca \u00eenv\u0103\u0163\u0103tor Elena Ivanovici;<\/li>\n<li>1916-1918- Activitatea \u015fcolii este \u00eentrerupt\u0103 de r\u0103zboi, cursurile \u00eencep\u00e2nd dup\u0103 1919;<\/li>\n<li>1951-1952- sunt construite alte s\u0103li de clas\u0103, din cele vechi ram\u00e2n\u00e2nd doar trei;<\/li>\n<li>1970- se mai construiesc patru s\u0103li, una din cele vechi fiind mic\u015forata pentru a se creea un hol de trecere \u00eentre cl\u0103direa veche \u015fi cea nou\u0103.<\/li>\n<\/ul>\n<\/div><\/div><\/div><\/div><\/div><div class=\"vc_col-sm-6 wpb_column vc_column_container animate_afr\"><div class=\"vc_column-inner\"><div class=\"wpb_wrapper\"><h4 class=\"w-text us_custom_6cb0380b has_text_color\"><span class=\"w-text-h\"><i class=\"fad fa-chevron-right\"><\/i><span class=\"w-text-value\">RESURSE MATERIALE<\/span><\/span><\/h4><div class=\"w-text\"><span class=\"w-text-h\"><i class=\"fad fa-circle\"><\/i><span class=\"w-text-value\">9 s\u0103li de curs;<\/span><\/span><\/div><div class=\"w-text\"><span class=\"w-text-h\"><i class=\"fad fa-circle\"><\/i><span class=\"w-text-value\">1 cabinet de informatic\u0103;<\/span><\/span><\/div><div class=\"w-text\"><span class=\"w-text-h\"><i class=\"fad fa-circle\"><\/i><span class=\"w-text-value\">biblioteca;<\/span><\/span><\/div><div class=\"w-text\"><span class=\"w-text-h\"><i class=\"fad fa-circle\"><\/i><span class=\"w-text-value\">1 sal\u0103 pentru educa\u0163ie fizic\u0103;<\/span><\/span><\/div><\/div><\/div><\/div><\/div><\/div><\/section><section class=\"l-section wpb_row height_auto\"><div class=\"l-section-h i-cf\"><div class=\"g-cols via_flex valign_top type_default\"><div class=\"vc_col-sm-12 wpb_column vc_column_container\"><div class=\"vc_column-inner\"><div class=\"wpb_wrapper\"><div class=\"w-separator size_medium with_line width_default thick_1 style_solid color_border align_center with_content\"><div class=\"w-separator-h\"><i class=\"fas fa-chevron-down\"><\/i><\/div><\/div><\/div><\/div><\/div><\/div><\/div><\/section><section class=\"l-section wpb_row height_auto\"><div class=\"l-section-h i-cf\"><div class=\"g-cols via_flex valign_top type_default\"><div class=\"vc_col-sm-8 wpb_column vc_column_container animate_afl\" style=\"animation-delay:0.4s\"><div class=\"vc_column-inner\"><div class=\"wpb_wrapper\"><h4 class=\"w-text us_custom_6cb0380b has_text_color\"><span class=\"w-text-h\"><i class=\"fad fa-chevron-right\"><\/i><span class=\"w-text-value\">ISTORICUL \u015eI A\u015eEZAREA COMUNEI BERCENI<\/span><\/span><\/h4><div class=\"wpb_text_column\"><div class=\"wpb_wrapper\"><ul>\n<li><em>Situat\u0103 in partea de S-E a jude\u0163ului prahova, comuna este \u00eencadrat\u0103 pe interfluviul Teleajenului \u015fi al p\u00e2r\u00e2ului D\u00e2mbu.<\/em><\/li>\n<li><em>Prima atestare documentar\u0103 a unor asez\u0103ri pe teritoriul actual al comunei este din anul 1515.<\/em><\/li>\n<li><em>Din anul 1578 exist\u0103 primul document \u00een care apare numele de berceni, a\u015fezare care a fost re\u015fedin\u0163a boierilor Cretzulescu.<\/em><\/li>\n<li><em>Familia boierilor Cretzulescu a contribuit din plin la dezvoltarea comunei din toate punctele de vedere: economic, social, cultural-religios.<\/em><\/li>\n<li><em>Au fost ctitorii bisericii din Berceni, aceasta a g\u0103zduit p\u00e2n\u0103 \u00een anii 50-60 trei icoane zugr\u0103vite de P\u00e2rvu Mutu, marele maestru al picturii rom\u00e2ne\u015fti din epoca br\u00e2ncovean\u0103.<\/em><\/li>\n<li><em>Se pare ca numele a\u015fez\u0103rii este legat de o func\u0163ie ,,birciu\u201d, ceea ce \u00eenseamn\u0103 ,,str\u00e2ng\u0103tor de biruri\u201d.<\/em><\/li>\n<\/ul>\n<\/div><\/div><\/div><\/div><\/div><div class=\"vc_col-sm-4 wpb_column vc_column_container animate_afr\" style=\"animation-delay:0.4s\"><div class=\"vc_column-inner\"><div class=\"wpb_wrapper\"><div class=\"w-image style_shadow-1 align_center\"><a target=\"_blank\" href=\"https:\/\/www.google.com\/maps\/place\/Comuna+Berceni\/@44.9306714,26.1252193,2238m\/data=!3m1!1e3!4m5!3m4!1s0x40b235db03164fff:0x99086946ed26b838!8m2!3d44.933333!4d26.1\" rel=\"noopener\" aria-label=\"Leg\u0103tur\u0103\" class=\"w-image-h\"><img loading=\"lazy\" decoding=\"async\" width=\"350\" height=\"350\" src=\"https:\/\/scoalaberceniph.ro\/wp-content\/uploads\/2021\/02\/berceni.jpg\" class=\"attachment-full size-full\" alt=\"\" srcset=\"https:\/\/scoalaberceniph.ro\/wp-content\/uploads\/2021\/02\/berceni.jpg 350w, https:\/\/scoalaberceniph.ro\/wp-content\/uploads\/2021\/02\/berceni-300x300.jpg 300w, https:\/\/scoalaberceniph.ro\/wp-content\/uploads\/2021\/02\/berceni-150x150.jpg 150w\" sizes=\"auto, (max-width: 350px) 100vw, 350px\" \/><\/a><\/div><\/div><\/div><\/div><\/div><\/div><\/section><section class=\"l-section wpb_row us_custom_21a381f5 height_medium\"><div class=\"l-section-h i-cf\"><div class=\"g-cols via_flex valign_top type_default\"><div class=\"vc_col-sm-12 wpb_column vc_column_container animate_afl\"><div class=\"vc_column-inner\"><div class=\"wpb_wrapper\"><h4 class=\"w-text us_custom_373af4cd has_text_color\"><span class=\"w-text-h\"><i class=\"fad fa-chevron-right\"><\/i><span class=\"w-text-value\">ALTE INFORMATII UTILE<\/span><\/span><\/h4><div class=\"g-cols wpb_row us_custom_0f8f44b7 via_flex valign_top type_default\"><div class=\"vc_col-sm-6 wpb_column vc_column_container animate_afl\"><div class=\"vc_column-inner\"><div class=\"wpb_wrapper\"><div class=\"w-text\"><span class=\"w-text-h\"><i class=\"fas fa-chevron-right\"><\/i><span class=\"w-text-value\">Gr\u0103dini\u0163a MOARA NOU\u0102 -Berceni<\/span><\/span><\/div><div class=\"w-text\"><span class=\"w-text-h\"><i class=\"fas fa-chevron-right\"><\/i><span class=\"w-text-value\">ZIUA SCOLII -27 mai 2011<\/span><\/span><\/div><div class=\"w-text\"><span class=\"w-text-h\"><i class=\"fas fa-chevron-right\"><\/i><span class=\"w-text-value\">Rezultate la concursurile si olimpiadele scolare<\/span><\/span><\/div><\/div><\/div><\/div><div class=\"vc_col-sm-6 wpb_column vc_column_container animate_afr\"><div class=\"vc_column-inner\"><div class=\"wpb_wrapper\"><div class=\"w-text\"><span class=\"w-text-h\"><i class=\"fas fa-chevron-right\"><\/i><span class=\"w-text-value\">Activitati extracurriculare anul scolar 2016 \u2013 2017<\/span><\/span><\/div><div class=\"w-text\"><span class=\"w-text-h\"><i class=\"fas fa-chevron-right\"><\/i><span class=\"w-text-value\">STRATEGIA NA\u0162IONAL\u0102 ANTICORUP\u0162IE<\/span><\/span><\/div><div class=\"w-text\"><span class=\"w-text-h\"><i class=\"fas fa-chevron-right\"><\/i><span class=\"w-text-value\">\u00censcrierea \u00een \u00eenv\u0103\u021b\u0103m\u00e2ntul primar 2019-2020\/ Ziua Portilor Deschise \u2013 5 martie 2019, ora 11.00<\/span><\/span><\/div><\/div><\/div><\/div><\/div><\/div><\/div><\/div><\/div><\/div><\/section><section class=\"l-section wpb_row height_medium\"><div class=\"l-section-h i-cf\"><div class=\"g-cols via_flex valign_top type_default\"><div class=\"vc_col-sm-12 wpb_column vc_column_container\"><div class=\"vc_column-inner\"><div class=\"wpb_wrapper\"><h4 class=\"w-text us_custom_373af4cd has_text_color\"><span class=\"w-text-h\"><i class=\"fad fa-chevron-right\"><\/i><span class=\"w-text-value\">PUBLICATII RECENTE<\/span><\/span><\/h4><div class=\"w-grid type_grid layout_81 no_gap\" id=\"us_grid_1\" data-filterable=\"true\"><style>.layout_81 .w-grid-item-h{}.layout_81 .usg_hwrapper_1{transition-duration:0.3s;transform-origin:50% 50%;transform:scale(1) translate(0%,0%)}.layout_81 .w-grid-item-h:hover .usg_hwrapper_1{transform:scale(1) translate(2%,0%);opacity:1}<\/style><div class=\"w-grid-list\">\t<article class=\"w-grid-item size_1x1 post-1134 post type-post status-publish format-standard hentry category-alte-informatii\" data-id=\"1134\">\r\n\t\t<div class=\"w-grid-item-h\">\r\n\t\t\t\t\t\t<div class=\"w-hwrapper usg_hwrapper_1 align_left valign_baseline\" style=\"--hwrapper-gap:5px\"><p class=\"w-text usg_text_1\"><span class=\"w-text-h\"><i class=\"fas fa-chevron-right\"><\/i><span class=\"w-text-value\"><\/span><\/span><\/p><p class=\"w-post-elm post_title usg_post_title_1 align_left entry-title color_link_inherit\"><a href=\"https:\/\/scoalaberceniph.ro\/index.php\/2026\/03\/25\/sprijin-educational-pentru-prescolarii-si-elevii-dezavantajati-din-invatamantul-de-stat-prescolar-primar-si-gimnazial\/\">Sprijin educa\u021bional pentru pre\u0219colarii \u0219i elevii dezavantaja\u021bi din \u00eenv\u0103\u021b\u0103m\u00e2ntul de stat pre\u0219colar, primar \u0219i gimnazial<\/a><\/p><\/div>\t\t<\/div>\r\n\t<\/article>\r\n\t<article class=\"w-grid-item size_1x1 post-1121 post type-post status-publish format-standard hentry category-alte-informatii\" data-id=\"1121\">\r\n\t\t<div class=\"w-grid-item-h\">\r\n\t\t\t\t\t\t<div class=\"w-hwrapper usg_hwrapper_1 align_left valign_baseline\" style=\"--hwrapper-gap:5px\"><p class=\"w-text usg_text_1\"><span class=\"w-text-h\"><i class=\"fas fa-chevron-right\"><\/i><span class=\"w-text-value\"><\/span><\/span><\/p><p class=\"w-post-elm post_title usg_post_title_1 align_left entry-title color_link_inherit\"><a href=\"https:\/\/scoalaberceniph.ro\/index.php\/2026\/03\/18\/ziua-portilor-deschise-20-martie-2026\/\">Ziua portilor deschise &#8211; 20 Martie 2026<\/a><\/p><\/div>\t\t<\/div>\r\n\t<\/article>\r\n\t<article class=\"w-grid-item size_1x1 post-1060 post type-post status-publish format-standard hentry category-alte-informatii\" data-id=\"1060\">\r\n\t\t<div class=\"w-grid-item-h\">\r\n\t\t\t\t\t\t<div class=\"w-hwrapper usg_hwrapper_1 align_left valign_baseline\" style=\"--hwrapper-gap:5px\"><p class=\"w-text usg_text_1\"><span class=\"w-text-h\"><i class=\"fas fa-chevron-right\"><\/i><span class=\"w-text-value\"><\/span><\/span><\/p><p class=\"w-post-elm post_title usg_post_title_1 align_left entry-title color_link_inherit\"><a href=\"https:\/\/scoalaberceniph.ro\/index.php\/2025\/12\/02\/eveniment-1-decembrie-2025\/\">Eveniment 1 Decembrie 2025<\/a><\/p><\/div>\t\t<\/div>\r\n\t<\/article>\r\n\t<article class=\"w-grid-item size_1x1 post-1056 post type-post status-publish format-standard hentry category-alte-informatii category-documente-manageriale\" data-id=\"1056\">\r\n\t\t<div class=\"w-grid-item-h\">\r\n\t\t\t\t\t\t<div class=\"w-hwrapper usg_hwrapper_1 align_left valign_baseline\" style=\"--hwrapper-gap:5px\"><p class=\"w-text usg_text_1\"><span class=\"w-text-h\"><i class=\"fas fa-chevron-right\"><\/i><span class=\"w-text-value\"><\/span><\/span><\/p><p class=\"w-post-elm post_title usg_post_title_1 align_left entry-title color_link_inherit\"><a href=\"https:\/\/scoalaberceniph.ro\/index.php\/2025\/10\/17\/plan-managerial-an-scolar-2025-2026-director\/\">Plan managerial, an scolar 2025 &#8211; 2026 &#8211; Director<\/a><\/p><\/div>\t\t<\/div>\r\n\t<\/article>\r\n\t<article class=\"w-grid-item size_1x1 post-1053 post type-post status-publish format-standard hentry category-alte-informatii category-documente-manageriale\" data-id=\"1053\">\r\n\t\t<div class=\"w-grid-item-h\">\r\n\t\t\t\t\t\t<div class=\"w-hwrapper usg_hwrapper_1 align_left valign_baseline\" style=\"--hwrapper-gap:5px\"><p class=\"w-text usg_text_1\"><span class=\"w-text-h\"><i class=\"fas fa-chevron-right\"><\/i><span class=\"w-text-value\"><\/span><\/span><\/p><p class=\"w-post-elm post_title usg_post_title_1 align_left entry-title color_link_inherit\"><a href=\"https:\/\/scoalaberceniph.ro\/index.php\/2025\/10\/17\/plan-managerial-an-scolar-2025-2026-director-adjunct\/\">Plan managerial, an scolar 2025 &#8211; 2026 &#8211; Director Adjunct<\/a><\/p><\/div>\t\t<\/div>\r\n\t<\/article>\r\n\t<article class=\"w-grid-item size_1x1 post-1050 post type-post status-publish format-standard hentry category-alte-informatii category-documente-manageriale\" data-id=\"1050\">\r\n\t\t<div class=\"w-grid-item-h\">\r\n\t\t\t\t\t\t<div class=\"w-hwrapper usg_hwrapper_1 align_left valign_baseline\" style=\"--hwrapper-gap:5px\"><p class=\"w-text usg_text_1\"><span class=\"w-text-h\"><i class=\"fas fa-chevron-right\"><\/i><span class=\"w-text-value\"><\/span><\/span><\/p><p class=\"w-post-elm post_title usg_post_title_1 align_left entry-title color_link_inherit\"><a href=\"https:\/\/scoalaberceniph.ro\/index.php\/2025\/10\/15\/regulament-intern-al-scolii-gimnaziale-comuna-berceni-anul-scolar-2025-2026\/\">Regulament intern al Scolii Gimnaziale, Comuna Berceni &#8211; Anul scolar 2025 &#8211; 2026<\/a><\/p><\/div>\t\t<\/div>\r\n\t<\/article>\r\n\t<article class=\"w-grid-item size_1x1 post-1047 post type-post status-publish format-standard hentry category-alte-informatii category-documente-manageriale\" data-id=\"1047\">\r\n\t\t<div class=\"w-grid-item-h\">\r\n\t\t\t\t\t\t<div class=\"w-hwrapper usg_hwrapper_1 align_left valign_baseline\" style=\"--hwrapper-gap:5px\"><p class=\"w-text usg_text_1\"><span class=\"w-text-h\"><i class=\"fas fa-chevron-right\"><\/i><span class=\"w-text-value\"><\/span><\/span><\/p><p class=\"w-post-elm post_title usg_post_title_1 align_left entry-title color_link_inherit\"><a href=\"https:\/\/scoalaberceniph.ro\/index.php\/2025\/10\/15\/regulament-de-organizare-si-functionare-a-scolii-gimnaziale-comuna-berceni-jud-prahova-an-scolar-2025-2026\/\">Regulament de organizare si functionare a Scolii Gimnaziale, comuna Berceni, jud. Prahova &#8211; An scolar 2025 &#8211; 2026<\/a><\/p><\/div>\t\t<\/div>\r\n\t<\/article>\r\n\t<article class=\"w-grid-item size_1x1 post-1043 post type-post status-publish format-standard hentry category-alte-informatii\" data-id=\"1043\">\r\n\t\t<div class=\"w-grid-item-h\">\r\n\t\t\t\t\t\t<div class=\"w-hwrapper usg_hwrapper_1 align_left valign_baseline\" style=\"--hwrapper-gap:5px\"><p class=\"w-text usg_text_1\"><span class=\"w-text-h\"><i class=\"fas fa-chevron-right\"><\/i><span class=\"w-text-value\"><\/span><\/span><\/p><p class=\"w-post-elm post_title usg_post_title_1 align_left entry-title color_link_inherit\"><a href=\"https:\/\/scoalaberceniph.ro\/index.php\/2025\/10\/02\/program-audiente\/\">Program audiente<\/a><\/p><\/div>\t\t<\/div>\r\n\t<\/article>\r\n\t<article class=\"w-grid-item size_1x1 post-1040 post type-post status-publish format-standard hentry category-alte-informatii category-documente-manageriale\" data-id=\"1040\">\r\n\t\t<div class=\"w-grid-item-h\">\r\n\t\t\t\t\t\t<div class=\"w-hwrapper usg_hwrapper_1 align_left valign_baseline\" style=\"--hwrapper-gap:5px\"><p class=\"w-text usg_text_1\"><span class=\"w-text-h\"><i class=\"fas fa-chevron-right\"><\/i><span class=\"w-text-value\"><\/span><\/span><\/p><p class=\"w-post-elm post_title usg_post_title_1 align_left entry-title color_link_inherit\"><a href=\"https:\/\/scoalaberceniph.ro\/index.php\/2025\/10\/02\/transparenta-salarii-septembrie-2025\/\">Transparenta salarii septembrie 2025<\/a><\/p><\/div>\t\t<\/div>\r\n\t<\/article>\r\n\t<article class=\"w-grid-item size_1x1 post-1026 post type-post status-publish format-standard hentry category-alte-informatii category-evaluare-nationala\" data-id=\"1026\">\r\n\t\t<div class=\"w-grid-item-h\">\r\n\t\t\t\t\t\t<div class=\"w-hwrapper usg_hwrapper_1 align_left valign_baseline\" style=\"--hwrapper-gap:5px\"><p class=\"w-text usg_text_1\"><span class=\"w-text-h\"><i class=\"fas fa-chevron-right\"><\/i><span class=\"w-text-value\"><\/span><\/span><\/p><p class=\"w-post-elm post_title usg_post_title_1 align_left entry-title color_link_inherit\"><a href=\"https:\/\/scoalaberceniph.ro\/index.php\/2025\/06\/27\/grafic-incheiere-situatie-scolara-an-scolar-2024-2025\/\">Grafic incheiere situatie scolara, an scolar 2024-2025<\/a><\/p><\/div>\t\t<\/div>\r\n\t<\/article>\r\n<\/div><div class=\"w-grid-preloader\"><div class=\"g-preloader type_1\">\r\n\t<div><\/div>\r\n<\/div>\r\n<\/div>\t\t<div class=\"g-loadmore \">\r\n\t\t\t<div class=\"g-preloader type_1\">\r\n\t\t\t\t<div><\/div>\r\n\t\t\t<\/div>\r\n\t\t\t<a class=\"w-btn us-btn-style_1\" href=\"javascript:void(0)\">\r\n\t\t\t\t<span class=\"w-btn-label\">Afiseaza mai mult<\/span>\r\n\t\t\t<\/a>\r\n\t\t<\/div>\r\n\t\t\t<div class=\"w-grid-json hidden\" onclick='return {&quot;action&quot;:&quot;us_ajax_grid&quot;,&quot;ajax_url&quot;:&quot;https:\\\/\\\/scoalaberceniph.ro\\\/wp-admin\\\/admin-ajax.php&quot;,&quot;infinite_scroll&quot;:0,&quot;max_num_pages&quot;:8,&quot;pagination&quot;:&quot;ajax&quot;,&quot;permalink_url&quot;:&quot;https:\\\/\\\/scoalaberceniph.ro\\\/wp-json\\\/wp\\\/v2\\\/pages\\\/2&quot;,&quot;template_vars&quot;:{&quot;columns&quot;:&quot;1&quot;,&quot;exclude_items&quot;:&quot;none&quot;,&quot;img_size&quot;:&quot;default&quot;,&quot;ignore_items_size&quot;:false,&quot;items_layout&quot;:&quot;81&quot;,&quot;items_offset&quot;:&quot;1&quot;,&quot;load_animation&quot;:&quot;none&quot;,&quot;overriding_link&quot;:&quot;none&quot;,&quot;post_id&quot;:2,&quot;query_args&quot;:{&quot;post_type&quot;:[&quot;post&quot;],&quot;tax_query&quot;:[{&quot;taxonomy&quot;:&quot;category&quot;,&quot;field&quot;:&quot;slug&quot;,&quot;terms&quot;:[&quot;alte-informatii&quot;,&quot;gradinita-moara-noua-berceni&quot;]}],&quot;post_status&quot;:[&quot;publish&quot;],&quot;posts_per_page&quot;:&quot;10&quot;},&quot;orderby_query_args&quot;:{&quot;orderby&quot;:{&quot;date&quot;:&quot;DESC&quot;}},&quot;type&quot;:&quot;grid&quot;,&quot;us_grid_ajax_index&quot;:1,&quot;us_grid_filter_params&quot;:null,&quot;us_grid_index&quot;:1,&quot;_us_grid_post_type&quot;:&quot;post&quot;}}'><\/div>\r\n\t<\/div><\/div><\/div><\/div><\/div><\/div><\/section><section class=\"l-section wpb_row height_medium\"><div class=\"l-section-h i-cf\"><div class=\"g-cols via_flex valign_top type_default\"><div class=\"vc_col-sm-12 wpb_column vc_column_container\"><div class=\"vc_column-inner\"><div class=\"wpb_wrapper\"><h4 class=\"w-text us_custom_373af4cd has_text_color\"><span class=\"w-text-h\"><i class=\"fad fa-chevron-right\"><\/i><span class=\"w-text-value\">Gr\u0103dini\u021ba Antonel<\/span><\/span><\/h4><div class=\"wpb_text_column\"><div class=\"wpb_wrapper\"><p>Va facem cunoscut faptul ca puteti depune cereri in vederea inscrierii prescolarilor\u00a0 la Gradinita cu program prelungit Antonel,pentru anul scolar 2024-2025<\/p>\n<p><strong>Conditii de inscriere:<\/strong><\/p>\n<p>Varsta de 3 ani impliniti pana la data de 31.08.2024<\/p>\n<p><strong>Acte necesare:<\/strong><\/p>\n<ol>\n<li>Copie certificate de nastere copil<\/li>\n<li>Carti de identitate parinti<\/li>\n<li>Adeverinte de salariat pentru ambii parinti<\/li>\n<li>Aceaste adeverinte se vor prezenta in ultima saptamana din luna august<\/li>\n<\/ol>\n<\/div><\/div><\/div><\/div><\/div><\/div><\/div><\/section>\n","protected":false},"excerpt":{"rendered":"Grafic incheiere situatie scolara, an scolar 2024-2025","protected":false},"author":1,"featured_media":0,"parent":0,"menu_order":0,"comment_status":"closed","ping_status":"closed","template":"","meta":{"footnotes":""},"class_list":["post-2","page","type-page","status-publish","hentry"],"_links":{"self":[{"href":"https:\/\/scoalaberceniph.ro\/index.php\/wp-json\/wp\/v2\/pages\/2","targetHints":{"allow":["GET"]}}],"collection":[{"href":"https:\/\/scoalaberceniph.ro\/index.php\/wp-json\/wp\/v2\/pages"}],"about":[{"href":"https:\/\/scoalaberceniph.ro\/index.php\/wp-json\/wp\/v2\/types\/page"}],"author":[{"embeddable":true,"href":"https:\/\/scoalaberceniph.ro\/index.php\/wp-json\/wp\/v2\/users\/1"}],"replies":[{"embeddable":true,"href":"https:\/\/scoalaberceniph.ro\/index.php\/wp-json\/wp\/v2\/comments?post=2"}],"version-history":[{"count":85,"href":"https:\/\/scoalaberceniph.ro\/index.php\/wp-json\/wp\/v2\/pages\/2\/revisions"}],"predecessor-version":[{"id":1033,"href":"https:\/\/scoalaberceniph.ro\/index.php\/wp-json\/wp\/v2\/pages\/2\/revisions\/1033"}],"wp:attachment":[{"href":"https:\/\/scoalaberceniph.ro\/index.php\/wp-json\/wp\/v2\/media?parent=2"}],"curies":[{"name":"wp","href":"https:\/\/api.w.org\/{rel}","templated":true}]}}