{"id":333,"date":"2021-03-18T11:56:09","date_gmt":"2021-03-18T11:56:09","guid":{"rendered":"https:\/\/scoalaberceniph.ro\/?page_id=333"},"modified":"2021-03-18T11:59:46","modified_gmt":"2021-03-18T11:59:46","slug":"inscrieri-clasa-pregatitoare","status":"publish","type":"page","link":"https:\/\/scoalaberceniph.ro\/index.php\/inscrieri-clasa-pregatitoare\/","title":{"rendered":"Inscrieri clasa pregatitoare"},"content":{"rendered":"<section class=\"l-section wpb_row height_medium\"><div class=\"l-section-h i-cf\"><div class=\"g-cols via_flex valign_top type_default\"><div class=\"vc_col-sm-12 wpb_column vc_column_container\"><div class=\"vc_column-inner\"><div class=\"wpb_wrapper\"><div class=\"wpb_text_column\"><div class=\"wpb_wrapper\"><h3><strong>Inscrieri clasa pregatitoare<\/strong><\/h3>\n<\/div><\/div><\/div><\/div><\/div><\/div><\/div><\/section><section class=\"l-section wpb_row height_medium\"><div class=\"l-section-h i-cf\"><div class=\"g-cols via_flex valign_top type_default\"><div class=\"vc_col-sm-12 wpb_column vc_column_container\"><div class=\"vc_column-inner\"><div class=\"wpb_wrapper\"><div class=\"w-grid type_grid layout_81\" id=\"us_grid_1\" data-filterable=\"true\"><style>#us_grid_1 .w-grid-item:not(:last-child){margin-bottom:5px}#us_grid_1 .g-loadmore{margin-top:5px}.layout_81 .w-grid-item-h{}.layout_81 .usg_hwrapper_1{transition-duration:0.3s;transform-origin:50% 50%;transform:scale(1) translate(0%,0%)}.layout_81 .w-grid-item-h:hover .usg_hwrapper_1{transform:scale(1) translate(2%,0%);opacity:1}<\/style><div class=\"w-grid-list\">\t<article class=\"w-grid-item size_1x1 post-1116 post type-post status-publish format-standard hentry category-inscrieri-clasa-pregatitoare\" data-id=\"1116\">\r\n\t\t<div class=\"w-grid-item-h\">\r\n\t\t\t\t\t\t<div class=\"w-hwrapper usg_hwrapper_1 align_left valign_baseline\" style=\"--hwrapper-gap:5px\"><p class=\"w-text usg_text_1\"><span class=\"w-text-h\"><i class=\"fas fa-chevron-right\"><\/i><span class=\"w-text-value\"><\/span><\/span><\/p><p class=\"w-post-elm post_title usg_post_title_1 align_left entry-title color_link_inherit\"><a href=\"https:\/\/scoalaberceniph.ro\/index.php\/2026\/03\/12\/inscrieri-clasa-pregatitoare-an-scolar-2026-2027\/\">INSCRIERI CLASA PREGATITOARE AN \u0218COLAR 2026-2027<\/a><\/p><\/div>\t\t<\/div>\r\n\t<\/article>\r\n\t<article class=\"w-grid-item size_1x1 post-655 post type-post status-publish format-standard hentry category-alte-informatii category-inscrieri-clasa-pregatitoare\" data-id=\"655\">\r\n\t\t<div class=\"w-grid-item-h\">\r\n\t\t\t\t\t\t<div class=\"w-hwrapper usg_hwrapper_1 align_left valign_baseline\" style=\"--hwrapper-gap:5px\"><p class=\"w-text usg_text_1\"><span class=\"w-text-h\"><i class=\"fas fa-chevron-right\"><\/i><span class=\"w-text-value\"><\/span><\/span><\/p><p class=\"w-post-elm post_title usg_post_title_1 align_left entry-title color_link_inherit\"><a href=\"https:\/\/scoalaberceniph.ro\/index.php\/2024\/04\/03\/inscrieri-clasa-pregatitoare-an-scolar-2024-2025\/\">INSCRIERI CLASA PREGATITOARE AN \u0218COLAR 2024-2025<\/a><\/p><\/div>\t\t<\/div>\r\n\t<\/article>\r\n\t<article class=\"w-grid-item size_1x1 post-341 post type-post status-publish format-standard hentry category-alte-informatii category-inscrieri-clasa-pregatitoare\" data-id=\"341\">\r\n\t\t<div class=\"w-grid-item-h\">\r\n\t\t\t\t\t\t<div class=\"w-hwrapper usg_hwrapper_1 align_left valign_baseline\" style=\"--hwrapper-gap:5px\"><p class=\"w-text usg_text_1\"><span class=\"w-text-h\"><i class=\"fas fa-chevron-right\"><\/i><span class=\"w-text-value\"><\/span><\/span><\/p><p class=\"w-post-elm post_title usg_post_title_1 align_left entry-title color_link_inherit\"><a href=\"https:\/\/scoalaberceniph.ro\/index.php\/2021\/03\/18\/clasa-pregatitoare-an-scolar-2021-2022\/\">Clasa pregatitoare &#8211; An scolar 2021-2022<\/a><\/p><\/div>\t\t<\/div>\r\n\t<\/article>\r\n\t<article class=\"w-grid-item size_1x1 post-338 post type-post status-publish format-standard hentry category-alte-informatii category-inscrieri-clasa-pregatitoare\" data-id=\"338\">\r\n\t\t<div class=\"w-grid-item-h\">\r\n\t\t\t\t\t\t<div class=\"w-hwrapper usg_hwrapper_1 align_left valign_baseline\" style=\"--hwrapper-gap:5px\"><p class=\"w-text usg_text_1\"><span class=\"w-text-h\"><i class=\"fas fa-chevron-right\"><\/i><span class=\"w-text-value\"><\/span><\/span><\/p><p class=\"w-post-elm post_title usg_post_title_1 align_left entry-title color_link_inherit\"><a href=\"https:\/\/scoalaberceniph.ro\/index.php\/2021\/03\/18\/metodologie-de-inscriere-a-copiilor-in-invatamantul-primar-pentru-anul-scolar-2021-2022-si-calendarul-inscrierii\/\">Metodologie de inscriere a copiilor in \u00eenv\u0103\u021b\u0103m\u00e2ntul primar pentru anul Scolar 2021-2022 \u0219i Calendarul inscrierii<\/a><\/p><\/div>\t\t<\/div>\r\n\t<\/article>\r\n\t<article class=\"w-grid-item size_1x1 post-335 post type-post status-publish format-standard hentry category-alte-informatii category-inscrieri-clasa-pregatitoare\" data-id=\"335\">\r\n\t\t<div class=\"w-grid-item-h\">\r\n\t\t\t\t\t\t<div class=\"w-hwrapper usg_hwrapper_1 align_left valign_baseline\" style=\"--hwrapper-gap:5px\"><p class=\"w-text usg_text_1\"><span class=\"w-text-h\"><i class=\"fas fa-chevron-right\"><\/i><span class=\"w-text-value\"><\/span><\/span><\/p><p class=\"w-post-elm post_title usg_post_title_1 align_left entry-title color_link_inherit\"><a href=\"https:\/\/scoalaberceniph.ro\/index.php\/2021\/03\/18\/anexa-nr-1-2-3-la-metodologia-de-inscriere-a-copiilor-in-invatamantul-primar\/\">Anexa nr. 1, 2, 3 la Metodologia de \u00eenscriere a copiilor \u00een \u00eenv\u0103\u021b\u0103m\u00e2ntul primar<\/a><\/p><\/div>\t\t<\/div>\r\n\t<\/article>\r\n<\/div><div class=\"w-grid-preloader\"><div class=\"g-preloader type_1\">\r\n\t<div><\/div>\r\n<\/div>\r\n<\/div>\t<div class=\"w-grid-json hidden\" onclick='return {&quot;action&quot;:&quot;us_ajax_grid&quot;,&quot;ajax_url&quot;:&quot;https:\\\/\\\/scoalaberceniph.ro\\\/wp-admin\\\/admin-ajax.php&quot;,&quot;infinite_scroll&quot;:0,&quot;max_num_pages&quot;:1,&quot;pagination&quot;:&quot;ajax&quot;,&quot;permalink_url&quot;:&quot;https:\\\/\\\/scoalaberceniph.ro\\\/wp-json\\\/wp\\\/v2\\\/pages\\\/333&quot;,&quot;template_vars&quot;:{&quot;columns&quot;:&quot;1&quot;,&quot;exclude_items&quot;:&quot;none&quot;,&quot;img_size&quot;:&quot;default&quot;,&quot;ignore_items_size&quot;:false,&quot;items_layout&quot;:&quot;81&quot;,&quot;items_offset&quot;:&quot;1&quot;,&quot;load_animation&quot;:&quot;none&quot;,&quot;overriding_link&quot;:&quot;none&quot;,&quot;post_id&quot;:333,&quot;query_args&quot;:{&quot;post_type&quot;:[&quot;post&quot;],&quot;tax_query&quot;:[{&quot;taxonomy&quot;:&quot;category&quot;,&quot;field&quot;:&quot;slug&quot;,&quot;terms&quot;:[&quot;inscrieri-clasa-pregatitoare&quot;]}],&quot;post_status&quot;:[&quot;publish&quot;],&quot;posts_per_page&quot;:&quot;10&quot;},&quot;orderby_query_args&quot;:{&quot;orderby&quot;:{&quot;date&quot;:&quot;DESC&quot;}},&quot;type&quot;:&quot;grid&quot;,&quot;us_grid_ajax_index&quot;:1,&quot;us_grid_filter_params&quot;:null,&quot;us_grid_index&quot;:1,&quot;_us_grid_post_type&quot;:&quot;post&quot;}}'><\/div>\r\n\t<\/div><\/div><\/div><\/div><\/div><\/div><\/section>\n","protected":false},"excerpt":{"rendered":"<p>Atasamente Anexa nr. 1, 2, 3 la Metodologia de \u00eenscriere a copiilor \u00een \u00eenv\u0103\u021b\u0103m\u00e2ntul.._ (150 kB)<\/p>\n","protected":false},"author":1,"featured_media":0,"parent":0,"menu_order":0,"comment_status":"closed","ping_status":"closed","template":"","meta":{"footnotes":""},"class_list":["post-333","page","type-page","status-publish","hentry"],"_links":{"self":[{"href":"https:\/\/scoalaberceniph.ro\/index.php\/wp-json\/wp\/v2\/pages\/333","targetHints":{"allow":["GET"]}}],"collection":[{"href":"https:\/\/scoalaberceniph.ro\/index.php\/wp-json\/wp\/v2\/pages"}],"about":[{"href":"https:\/\/scoalaberceniph.ro\/index.php\/wp-json\/wp\/v2\/types\/page"}],"author":[{"embeddable":true,"href":"https:\/\/scoalaberceniph.ro\/index.php\/wp-json\/wp\/v2\/users\/1"}],"replies":[{"embeddable":true,"href":"https:\/\/scoalaberceniph.ro\/index.php\/wp-json\/wp\/v2\/comments?post=333"}],"version-history":[{"count":2,"href":"https:\/\/scoalaberceniph.ro\/index.php\/wp-json\/wp\/v2\/pages\/333\/revisions"}],"predecessor-version":[{"id":344,"href":"https:\/\/scoalaberceniph.ro\/index.php\/wp-json\/wp\/v2\/pages\/333\/revisions\/344"}],"wp:attachment":[{"href":"https:\/\/scoalaberceniph.ro\/index.php\/wp-json\/wp\/v2\/media?parent=333"}],"curies":[{"name":"wp","href":"https:\/\/api.w.org\/{rel}","templated":true}]}}